{"id":33920,"date":"2020-08-28T15:59:07","date_gmt":"2020-08-28T14:59:07","guid":{"rendered":"https:\/\/www.biotechpharmasummit.com\/?page_id=33920"},"modified":"2021-03-19T10:35:22","modified_gmt":"2021-03-19T10:35:22","slug":"klaus-pantel","status":"publish","type":"page","link":"https:\/\/www.biotechpharmasummit.com\/index.php\/liquid-biopsy-2020-speakers\/klaus-pantel\/","title":{"rendered":"Klaus Pantel"},"content":{"rendered":"<div class=\"vgblk-rw-wrapper limit-wrapper\">\n<h2>Prof Klaus Pantel<\/h2>\n<h4>Chairman of the Institute of Tumour Biology at the University Medical Center Hamburg-Eppendorf.<\/h4>\n\t<p>Prof Klaus Pantel is Chairman of the Institute of Tumour Biology at the University Medical Center Hamburg-Eppendorf. The institute is part of the Centre of Experimental Medicine and the University Cancer Center Hamburg (UCCH). Prof Pantel graduated in 1986 from Cologne University in Germany and completed his thesis on mathematical modelling of haematopoiesis in 1987. After his postdoctoral period in the USA on hematopoietic stem cell regulation (Wayne State University, Detroit), he performed research at the Institute of Immunology, University of Munich for 10 years.<\/p>\n<p>The pioneer work of Prof Pantel in the field of cancer micrometastasis, circulating tumor cells and circulating nucleic acids (ctDNA, microRNAs) is reflected by more than 400 publications in excellent high ranking biomedical and scientific journals (incl. NEJM, Lancet, Nature Journals, Cancer Cell, Science Translational Medicine, Cancer Discovery, PNAS, JCO, JNCI, Cancer Res.) and has been awarded the AACR Outstanding Investigator Award 2010, German Cancer Award 2010, and two ERC Advanced Investigator Grants 2011 and 2019. Moreover, Prof Pantel coordinates the European IMI consortium CANCER-ID (www.cancer-id.eu) on blood-based \u201cLiquid Biopsies\u201d in lung and breast cancer comprising 37 partner institutions from academia, non-profit organizations and industry.<\/p>\n\t\t\t\t\t\t\t<img decoding=\"async\" loading=\"lazy\" src=\"https:\/\/www.biotechpharmasummit.com\/wp-content\/uploads\/2020\/08\/Pantel_Klaus_Liquid_Biopsy_2020_1.jpg\" alt=\"v1; Portrait; Portr\u00e4t; Prof. Dr. med. Klaus Pantel; Institutsdirektor; Zentrum f\u00fcr Experimentelle Medizin; Institut f\u00fcr Tumorbiologie\" itemprop=\"image\" height=\"1224\" width=\"820\" title=\"Pantel_Klaus_Liquid_Biopsy_2020_1\" onerror=\"this.style.display='none'\" sizes=\"(max-width: 768px) 100vw, 100vw\" srcset=\"data:image\/svg+xml;utf8,<svg%20xmlns=&quot;http:\/\/www.w3.org\/2000\/svg&quot;%20viewBox=&quot;0%200%20820%201224&quot;%20height=&quot;1224px&quot;%20width=&quot;820px&quot;\/>&#8221; data-srcset=&#8221;https:\/\/www.biotechpharmasummit.com\/wp-content\/uploads\/2020\/08\/Pantel_Klaus_Liquid_Biopsy_2020_1.jpg 820w, https:\/\/www.biotechpharmasummit.com\/wp-content\/uploads\/2020\/08\/Pantel_Klaus_Liquid_Biopsy_2020_1-201&#215;300.jpg 201w, https:\/\/www.biotechpharmasummit.com\/wp-content\/uploads\/2020\/08\/Pantel_Klaus_Liquid_Biopsy_2020_1-686&#215;1024.jpg 686w, https:\/\/www.biotechpharmasummit.com\/wp-content\/uploads\/2020\/08\/Pantel_Klaus_Liquid_Biopsy_2020_1-768&#215;1146.jpg 768w, https:\/\/www.biotechpharmasummit.com\/wp-content\/uploads\/2020\/08\/Pantel_Klaus_Liquid_Biopsy_2020_1-630&#215;940.jpg 630w, https:\/\/www.biotechpharmasummit.com\/wp-content\/uploads\/2020\/08\/Pantel_Klaus_Liquid_Biopsy_2020_1-420&#215;627.jpg 420w, https:\/\/www.biotechpharmasummit.com\/wp-content\/uploads\/2020\/08\/Pantel_Klaus_Liquid_Biopsy_2020_1-315&#215;470.jpg 315w&#8221;>\t\t\t\t\t\t\t\n<h3>\n\tTitle: Liquid Biopsies: From Discovery to Clinical Implementation\n\t<\/h3>\n<div class=\"su-expand su-expand-collapsed su-expand-link-style-default\" data-height=\"150\"><div class=\"su-expand-content su-u-trim\" style=\"color:#333333;max-height:150px;overflow:hidden\">\n<ul>\n<li>The analysis of circulating tumor cells (CTCs) and tumor cell products (DNA,RNA, extracellular vesicles) released into the blood provides clinically relevant information as \u201cliquid biopsy\u201d.<\/li>\n<li>Liquid biopsy analyses with validated platforms provides information on:\n<ul>\n<li>early detection of cancer;<\/li>\n<li>identification of cancer patients at risk to develop relapse (prognosis);<\/li>\n<li>monitoring of tumor evolution;<\/li>\n<li>and therapeutic targets or mechanisms of resistance on metastatic cells.<\/li>\n<\/ul>\n<\/li>\n<li>Metastatic cells might have unique characteristics that can differ from the bulk of cancer cells in the primary tumor currently used for stratification of patients to systemic therapy.<\/li>\n<li>Liquid biopsy can be used to improve the management of individual cancer patients and contribute to personalized medicine.<\/li>\n<li>CTCs are complementary to other liquid biopsy biomarkers.<\/li>\n<li>Validation of liquid biopsy assays is essential and currently performed by the EU\/IMI consortium CANCER-ID (www.cancer-id.eu) and ELBS (European Liquid Biopsy Society).<\/li>\n<\/ul>\n<\/div><div class=\"su-expand-link su-expand-link-more\" style=\"text-align:left\"><a href=\"javascript:;\" style=\"color:#0088FF;border-color:#0088FF\"><span style=\"border-color:#0088FF\">Show more<\/span><\/a><\/div><div class=\"su-expand-link su-expand-link-less\" style=\"text-align:left\"><a href=\"javascript:;\" style=\"color:#0088FF;border-color:#0088FF\"><span style=\"border-color:#0088FF\">Show less<\/span><\/a><\/div><\/div>\n\t<a href=\"\" target=\"_self\" role=\"button\" rel=\"noopener noreferrer\">\n\t\t\t\t\tPresentation not available\n\t<\/a>\n<h4>\n\t\t\t<a href=\"#\" title=\"On the Web\" target=\"_self\" rel=\"noopener noreferrer\">\n\tOn the Web\n\t\t\t<\/a>\n\t<\/h4>\n\t<p><a href=\"https:\/\/www.uke.de\/english\/\" target=\"_blank\" rel=\"noopener noreferrer\">https:\/\/www.uke.de\/<\/a><\/p>\n<h4>\n\t\t\t<a href=\"#\" title=\"On LinkedIn\" target=\"_self\" rel=\"noopener noreferrer\">\n\tOn LinkedIn\n\t\t\t<\/a>\n\t<\/h4>\n\t<p><a href=\"https:\/\/www.linkedin.com\/in\/klaus-pantel-092555168\/\" target=\"_blank\" rel=\"noopener noreferrer\">Visit profile<\/a><\/p>\n<\/div><!-- .vgblk-rw-wrapper -->","protected":false},"excerpt":{"rendered":"<p>Prof Klaus Pantel Chairman of the Institute of Tumour Biology at the University Medical Center Hamburg-Eppendorf. Prof Klaus Pantel is Chairman of the Institute of Tumour Biology at the University Medical Center Hamburg-Eppendorf. The institute is part of the Centre of Experimental Medicine and the University Cancer Center Hamburg (UCCH). Prof Pantel graduated in 1986&#8230;<\/p>\n","protected":false},"author":1,"featured_media":33921,"parent":33918,"menu_order":0,"comment_status":"closed","ping_status":"closed","template":"","meta":{"inline_featured_image":false,"footnotes":""},"class_list":["post-33920","page","type-page","status-publish","has-post-thumbnail","hentry"],"yoast_head":"<!-- This site is optimized with the Yoast SEO plugin v26.2 - https:\/\/yoast.com\/wordpress\/plugins\/seo\/ -->\n<title>Klaus Pantel &#8226; BioTech Pharma Summit<\/title>\n<meta name=\"description\" content=\"Prof Klaus Pantel is Chairman of the Institute of Tumour Biology at the University Medical Center Hamburg-Eppendorf.\" \/>\n<meta name=\"robots\" content=\"index, follow, max-snippet:-1, max-image-preview:large, max-video-preview:-1\" \/>\n<link rel=\"canonical\" href=\"https:\/\/www.biotechpharmasummit.com\/index.php\/liquid-biopsy-2020-speakers\/klaus-pantel\/\" \/>\n<meta property=\"og:locale\" content=\"en_US\" \/>\n<meta property=\"og:type\" content=\"article\" \/>\n<meta property=\"og:title\" content=\"Klaus Pantel &#8226; BioTech Pharma Summit\" \/>\n<meta property=\"og:description\" content=\"Prof Klaus Pantel is Chairman of the Institute of Tumour Biology at the University Medical Center Hamburg-Eppendorf.\" \/>\n<meta property=\"og:url\" content=\"https:\/\/www.biotechpharmasummit.com\/index.php\/liquid-biopsy-2020-speakers\/klaus-pantel\/\" \/>\n<meta property=\"og:site_name\" content=\"BioTech Pharma Summit\" \/>\n<meta property=\"article:publisher\" content=\"https:\/\/www.facebook.com\/biotechpharmasummit\/\" \/>\n<meta property=\"article:modified_time\" content=\"2021-03-19T10:35:22+00:00\" \/>\n<meta property=\"og:image\" content=\"https:\/\/www.biotechpharmasummit.com\/wp-content\/uploads\/2020\/08\/Pantel_Klaus_Liquid_Biopsy_2020.jpg\" \/>\n\t<meta property=\"og:image:width\" content=\"900\" \/>\n\t<meta property=\"og:image:height\" content=\"900\" \/>\n\t<meta property=\"og:image:type\" content=\"image\/jpeg\" \/>\n<meta name=\"twitter:card\" content=\"summary_large_image\" \/>\n<meta name=\"twitter:site\" content=\"@biotechsummit\" \/>\n<meta name=\"twitter:label1\" content=\"Est. reading time\" \/>\n\t<meta name=\"twitter:data1\" content=\"2 minutes\" \/>\n<script type=\"application\/ld+json\" class=\"yoast-schema-graph\">{\"@context\":\"https:\/\/schema.org\",\"@graph\":[{\"@type\":\"WebPage\",\"@id\":\"https:\/\/www.biotechpharmasummit.com\/index.php\/liquid-biopsy-2020-speakers\/klaus-pantel\/\",\"url\":\"https:\/\/www.biotechpharmasummit.com\/index.php\/liquid-biopsy-2020-speakers\/klaus-pantel\/\",\"name\":\"Klaus Pantel &#8226; BioTech Pharma Summit\",\"isPartOf\":{\"@id\":\"https:\/\/www.biotechpharmasummit.com\/#website\"},\"primaryImageOfPage\":{\"@id\":\"https:\/\/www.biotechpharmasummit.com\/index.php\/liquid-biopsy-2020-speakers\/klaus-pantel\/#primaryimage\"},\"image\":{\"@id\":\"https:\/\/www.biotechpharmasummit.com\/index.php\/liquid-biopsy-2020-speakers\/klaus-pantel\/#primaryimage\"},\"thumbnailUrl\":\"https:\/\/www.biotechpharmasummit.com\/wp-content\/uploads\/2020\/08\/Pantel_Klaus_Liquid_Biopsy_2020.jpg\",\"datePublished\":\"2020-08-28T14:59:07+00:00\",\"dateModified\":\"2021-03-19T10:35:22+00:00\",\"description\":\"Prof Klaus Pantel is Chairman of the Institute of Tumour Biology at the University Medical Center Hamburg-Eppendorf.\",\"breadcrumb\":{\"@id\":\"https:\/\/www.biotechpharmasummit.com\/index.php\/liquid-biopsy-2020-speakers\/klaus-pantel\/#breadcrumb\"},\"inLanguage\":\"en-US\",\"potentialAction\":[{\"@type\":\"ReadAction\",\"target\":[\"https:\/\/www.biotechpharmasummit.com\/index.php\/liquid-biopsy-2020-speakers\/klaus-pantel\/\"]}]},{\"@type\":\"ImageObject\",\"inLanguage\":\"en-US\",\"@id\":\"https:\/\/www.biotechpharmasummit.com\/index.php\/liquid-biopsy-2020-speakers\/klaus-pantel\/#primaryimage\",\"url\":\"https:\/\/www.biotechpharmasummit.com\/wp-content\/uploads\/2020\/08\/Pantel_Klaus_Liquid_Biopsy_2020.jpg\",\"contentUrl\":\"https:\/\/www.biotechpharmasummit.com\/wp-content\/uploads\/2020\/08\/Pantel_Klaus_Liquid_Biopsy_2020.jpg\",\"width\":900,\"height\":900,\"caption\":\"v1; Portrait; Portr\u00e4t; Prof. Dr. med. Klaus Pantel; Institutsdirektor; Zentrum f\u00fcr Experimentelle Medizin; Institut f\u00fcr Tumorbiologie\"},{\"@type\":\"BreadcrumbList\",\"@id\":\"https:\/\/www.biotechpharmasummit.com\/index.php\/liquid-biopsy-2020-speakers\/klaus-pantel\/#breadcrumb\",\"itemListElement\":[{\"@type\":\"ListItem\",\"position\":1,\"name\":\"Home\",\"item\":\"https:\/\/www.biotechpharmasummit.com\/\"},{\"@type\":\"ListItem\",\"position\":2,\"name\":\"Liquid Biopsy 2020 Speakers\",\"item\":\"https:\/\/www.biotechpharmasummit.com\/index.php\/liquid-biopsy-2020-speakers\/\"},{\"@type\":\"ListItem\",\"position\":3,\"name\":\"Klaus Pantel\"}]},{\"@type\":\"WebSite\",\"@id\":\"https:\/\/www.biotechpharmasummit.com\/#website\",\"url\":\"https:\/\/www.biotechpharmasummit.com\/\",\"name\":\"BioTech Pharma Summit\",\"description\":\"The Tomorrow&#039;s healthcare congress\",\"publisher\":{\"@id\":\"https:\/\/www.biotechpharmasummit.com\/#organization\"},\"potentialAction\":[{\"@type\":\"SearchAction\",\"target\":{\"@type\":\"EntryPoint\",\"urlTemplate\":\"https:\/\/www.biotechpharmasummit.com\/?s={search_term_string}\"},\"query-input\":{\"@type\":\"PropertyValueSpecification\",\"valueRequired\":true,\"valueName\":\"search_term_string\"}}],\"inLanguage\":\"en-US\"},{\"@type\":\"Organization\",\"@id\":\"https:\/\/www.biotechpharmasummit.com\/#organization\",\"name\":\"EPM Group\",\"url\":\"https:\/\/www.biotechpharmasummit.com\/\",\"logo\":{\"@type\":\"ImageObject\",\"inLanguage\":\"en-US\",\"@id\":\"https:\/\/www.biotechpharmasummit.com\/#\/schema\/logo\/image\/\",\"url\":\"https:\/\/www.biotechpharmasummit.com\/wp-content\/uploads\/2020\/05\/B_2_Logo_BioTech_Pharma_Summit_Porto.png\",\"contentUrl\":\"https:\/\/www.biotechpharmasummit.com\/wp-content\/uploads\/2020\/05\/B_2_Logo_BioTech_Pharma_Summit_Porto.png\",\"width\":2000,\"height\":2000,\"caption\":\"EPM Group\"},\"image\":{\"@id\":\"https:\/\/www.biotechpharmasummit.com\/#\/schema\/logo\/image\/\"},\"sameAs\":[\"https:\/\/www.facebook.com\/biotechpharmasummit\/\",\"https:\/\/x.com\/biotechsummit\",\"https:\/\/www.instagram.com\/biotechpharmasummit\/\",\"https:\/\/www.linkedin.com\/company\/biotech-pharma-summit\/\"]}]}<\/script>\n<!-- \/ Yoast SEO plugin. -->","yoast_head_json":{"title":"Klaus Pantel &#8226; BioTech Pharma Summit","description":"Prof Klaus Pantel is Chairman of the Institute of Tumour Biology at the University Medical Center Hamburg-Eppendorf.","robots":{"index":"index","follow":"follow","max-snippet":"max-snippet:-1","max-image-preview":"max-image-preview:large","max-video-preview":"max-video-preview:-1"},"canonical":"https:\/\/www.biotechpharmasummit.com\/index.php\/liquid-biopsy-2020-speakers\/klaus-pantel\/","og_locale":"en_US","og_type":"article","og_title":"Klaus Pantel &#8226; BioTech Pharma Summit","og_description":"Prof Klaus Pantel is Chairman of the Institute of Tumour Biology at the University Medical Center Hamburg-Eppendorf.","og_url":"https:\/\/www.biotechpharmasummit.com\/index.php\/liquid-biopsy-2020-speakers\/klaus-pantel\/","og_site_name":"BioTech Pharma Summit","article_publisher":"https:\/\/www.facebook.com\/biotechpharmasummit\/","article_modified_time":"2021-03-19T10:35:22+00:00","og_image":[{"width":900,"height":900,"url":"https:\/\/www.biotechpharmasummit.com\/wp-content\/uploads\/2020\/08\/Pantel_Klaus_Liquid_Biopsy_2020.jpg","type":"image\/jpeg"}],"twitter_card":"summary_large_image","twitter_site":"@biotechsummit","twitter_misc":{"Est. reading time":"2 minutes"},"schema":{"@context":"https:\/\/schema.org","@graph":[{"@type":"WebPage","@id":"https:\/\/www.biotechpharmasummit.com\/index.php\/liquid-biopsy-2020-speakers\/klaus-pantel\/","url":"https:\/\/www.biotechpharmasummit.com\/index.php\/liquid-biopsy-2020-speakers\/klaus-pantel\/","name":"Klaus Pantel &#8226; BioTech Pharma Summit","isPartOf":{"@id":"https:\/\/www.biotechpharmasummit.com\/#website"},"primaryImageOfPage":{"@id":"https:\/\/www.biotechpharmasummit.com\/index.php\/liquid-biopsy-2020-speakers\/klaus-pantel\/#primaryimage"},"image":{"@id":"https:\/\/www.biotechpharmasummit.com\/index.php\/liquid-biopsy-2020-speakers\/klaus-pantel\/#primaryimage"},"thumbnailUrl":"https:\/\/www.biotechpharmasummit.com\/wp-content\/uploads\/2020\/08\/Pantel_Klaus_Liquid_Biopsy_2020.jpg","datePublished":"2020-08-28T14:59:07+00:00","dateModified":"2021-03-19T10:35:22+00:00","description":"Prof Klaus Pantel is Chairman of the Institute of Tumour Biology at the University Medical Center Hamburg-Eppendorf.","breadcrumb":{"@id":"https:\/\/www.biotechpharmasummit.com\/index.php\/liquid-biopsy-2020-speakers\/klaus-pantel\/#breadcrumb"},"inLanguage":"en-US","potentialAction":[{"@type":"ReadAction","target":["https:\/\/www.biotechpharmasummit.com\/index.php\/liquid-biopsy-2020-speakers\/klaus-pantel\/"]}]},{"@type":"ImageObject","inLanguage":"en-US","@id":"https:\/\/www.biotechpharmasummit.com\/index.php\/liquid-biopsy-2020-speakers\/klaus-pantel\/#primaryimage","url":"https:\/\/www.biotechpharmasummit.com\/wp-content\/uploads\/2020\/08\/Pantel_Klaus_Liquid_Biopsy_2020.jpg","contentUrl":"https:\/\/www.biotechpharmasummit.com\/wp-content\/uploads\/2020\/08\/Pantel_Klaus_Liquid_Biopsy_2020.jpg","width":900,"height":900,"caption":"v1; Portrait; Portr\u00e4t; Prof. Dr. med. Klaus Pantel; Institutsdirektor; Zentrum f\u00fcr Experimentelle Medizin; Institut f\u00fcr Tumorbiologie"},{"@type":"BreadcrumbList","@id":"https:\/\/www.biotechpharmasummit.com\/index.php\/liquid-biopsy-2020-speakers\/klaus-pantel\/#breadcrumb","itemListElement":[{"@type":"ListItem","position":1,"name":"Home","item":"https:\/\/www.biotechpharmasummit.com\/"},{"@type":"ListItem","position":2,"name":"Liquid Biopsy 2020 Speakers","item":"https:\/\/www.biotechpharmasummit.com\/index.php\/liquid-biopsy-2020-speakers\/"},{"@type":"ListItem","position":3,"name":"Klaus Pantel"}]},{"@type":"WebSite","@id":"https:\/\/www.biotechpharmasummit.com\/#website","url":"https:\/\/www.biotechpharmasummit.com\/","name":"BioTech Pharma Summit","description":"The Tomorrow&#039;s healthcare congress","publisher":{"@id":"https:\/\/www.biotechpharmasummit.com\/#organization"},"potentialAction":[{"@type":"SearchAction","target":{"@type":"EntryPoint","urlTemplate":"https:\/\/www.biotechpharmasummit.com\/?s={search_term_string}"},"query-input":{"@type":"PropertyValueSpecification","valueRequired":true,"valueName":"search_term_string"}}],"inLanguage":"en-US"},{"@type":"Organization","@id":"https:\/\/www.biotechpharmasummit.com\/#organization","name":"EPM Group","url":"https:\/\/www.biotechpharmasummit.com\/","logo":{"@type":"ImageObject","inLanguage":"en-US","@id":"https:\/\/www.biotechpharmasummit.com\/#\/schema\/logo\/image\/","url":"https:\/\/www.biotechpharmasummit.com\/wp-content\/uploads\/2020\/05\/B_2_Logo_BioTech_Pharma_Summit_Porto.png","contentUrl":"https:\/\/www.biotechpharmasummit.com\/wp-content\/uploads\/2020\/05\/B_2_Logo_BioTech_Pharma_Summit_Porto.png","width":2000,"height":2000,"caption":"EPM Group"},"image":{"@id":"https:\/\/www.biotechpharmasummit.com\/#\/schema\/logo\/image\/"},"sameAs":["https:\/\/www.facebook.com\/biotechpharmasummit\/","https:\/\/x.com\/biotechsummit","https:\/\/www.instagram.com\/biotechpharmasummit\/","https:\/\/www.linkedin.com\/company\/biotech-pharma-summit\/"]}]}},"_links":{"self":[{"href":"https:\/\/www.biotechpharmasummit.com\/index.php\/wp-json\/wp\/v2\/pages\/33920","targetHints":{"allow":["GET"]}}],"collection":[{"href":"https:\/\/www.biotechpharmasummit.com\/index.php\/wp-json\/wp\/v2\/pages"}],"about":[{"href":"https:\/\/www.biotechpharmasummit.com\/index.php\/wp-json\/wp\/v2\/types\/page"}],"author":[{"embeddable":true,"href":"https:\/\/www.biotechpharmasummit.com\/index.php\/wp-json\/wp\/v2\/users\/1"}],"replies":[{"embeddable":true,"href":"https:\/\/www.biotechpharmasummit.com\/index.php\/wp-json\/wp\/v2\/comments?post=33920"}],"version-history":[{"count":4,"href":"https:\/\/www.biotechpharmasummit.com\/index.php\/wp-json\/wp\/v2\/pages\/33920\/revisions"}],"predecessor-version":[{"id":36200,"href":"https:\/\/www.biotechpharmasummit.com\/index.php\/wp-json\/wp\/v2\/pages\/33920\/revisions\/36200"}],"up":[{"embeddable":true,"href":"https:\/\/www.biotechpharmasummit.com\/index.php\/wp-json\/wp\/v2\/pages\/33918"}],"wp:featuredmedia":[{"embeddable":true,"href":"https:\/\/www.biotechpharmasummit.com\/index.php\/wp-json\/wp\/v2\/media\/33921"}],"wp:attachment":[{"href":"https:\/\/www.biotechpharmasummit.com\/index.php\/wp-json\/wp\/v2\/media?parent=33920"}],"curies":[{"name":"wp","href":"https:\/\/api.w.org\/{rel}","templated":true}]}}